{"id":38159,"date":"2024-12-06T14:46:42","date_gmt":"2024-12-06T19:46:42","guid":{"rendered":"https:\/\/itco-as-prd-sitioweb-002.azurewebsites.net\/?page_id=38159"},"modified":"2024-12-06T15:11:58","modified_gmt":"2024-12-06T20:11:58","slug":"etica-anticorrupcion","status":"publish","type":"page","link":"https:\/\/colombia.isaenergia.com\/isaintercolombia\/caja-de-herramientas-sostenibilidad\/etica-anticorrupcion\/","title":{"rendered":"\u00c9tica anticorrupci\u00f3n"},"content":{"rendered":"\t\t<div data-elementor-type=\"wp-page\" data-elementor-id=\"38159\" class=\"elementor elementor-38159\" data-elementor-post-type=\"page\">\n\t\t\t\t<div class=\"elementor-element elementor-element-cb3a277 e-flex e-con-boxed e-con e-parent\" data-id=\"cb3a277\" data-element_type=\"container\" data-e-type=\"container\">\n\t\t\t\t\t<div class=\"e-con-inner\">\n\t\t\t\t<div class=\"elementor-element elementor-element-8e0047d elementor-align-left elementor-widget elementor-widget-breadcrumbs\" data-id=\"8e0047d\" data-element_type=\"widget\" data-e-type=\"widget\" data-widget_type=\"breadcrumbs.default\">\n\t\t\t\t<div class=\"elementor-widget-container\">\n\t\t\t\t\t<p id=\"breadcrumbs\"><span><span><a href=\"https:\/\/colombia.isaenergia.com\/isaintercolombia\/\">Home<\/a><\/span><\/span><\/p>\t\t\t\t<\/div>\n\t\t\t\t<\/div>\n\t\t\t\t\t<\/div>\n\t\t\t\t<\/div>\n\t\t<div class=\"elementor-element elementor-element-6918a0f e-flex e-con-boxed e-con e-parent\" data-id=\"6918a0f\" data-element_type=\"container\" data-e-type=\"container\">\n\t\t\t\t\t<div class=\"e-con-inner\">\n\t\t<div class=\"elementor-element elementor-element-67079dc e-con-full e-flex e-con e-child\" data-id=\"67079dc\" data-element_type=\"container\" data-e-type=\"container\">\n\t\t<a class=\"elementor-element elementor-element-286a018 e-con-full e-flex e-con e-child\" data-id=\"286a018\" data-element_type=\"container\" data-e-type=\"container\" data-settings=\"{&quot;background_background&quot;:&quot;classic&quot;}\" href=\"https:\/\/itcoasprds-a77b12eedb9aa256-endpoint.azureedge.net\/blobitcoasprds4953213ea0\/wp-content\/uploads\/2024\/12\/Buenas_practicas_AnticorrupcionColombia.pdf\" target=\"_blank\">\n\t\t\t\t<div class=\"elementor-element elementor-element-107f07e elementor-widget elementor-widget-heading\" data-id=\"107f07e\" data-element_type=\"widget\" data-e-type=\"widget\" data-widget_type=\"heading.default\">\n\t\t\t\t<div class=\"elementor-widget-container\">\n\t\t\t\t\t<h5 class=\"elementor-heading-title elementor-size-default\">Buenas pr\u00e1cticas en anticorrupci\u00f3n en Colombia<\/h5>\t\t\t\t<\/div>\n\t\t\t\t<\/div>\n\t\t\t\t<\/a>\n\t\t<a class=\"elementor-element elementor-element-9b71026 e-con-full e-flex e-con e-child\" data-id=\"9b71026\" data-element_type=\"container\" data-e-type=\"container\" data-settings=\"{&quot;background_background&quot;:&quot;classic&quot;}\" href=\"https:\/\/itcoasprds-a77b12eedb9aa256-endpoint.azureedge.net\/blobitcoasprds4953213ea0\/wp-content\/uploads\/2024\/12\/GestionAnticorrupcionyAntisoborno.pdf\" target=\"_blank\">\n\t\t\t\t<div class=\"elementor-element elementor-element-07739a0 elementor-widget elementor-widget-heading\" data-id=\"07739a0\" data-element_type=\"widget\" data-e-type=\"widget\" data-widget_type=\"heading.default\">\n\t\t\t\t<div class=\"elementor-widget-container\">\n\t\t\t\t\t<h5 class=\"elementor-heading-title elementor-size-default\">Gu\u00eda Gesti\u00f3n anticorrupci\u00f3n y antisoborno de ISA<\/h5>\t\t\t\t<\/div>\n\t\t\t\t<\/div>\n\t\t\t\t<\/a>\n\t\t<a class=\"elementor-element elementor-element-9695fe6 e-con-full e-flex e-con e-child\" data-id=\"9695fe6\" data-element_type=\"container\" data-e-type=\"container\" data-settings=\"{&quot;background_background&quot;:&quot;classic&quot;}\" href=\"https:\/\/itcoasprds-a77b12eedb9aa256-endpoint.azureedge.net\/blobitcoasprds4953213ea0\/wp-content\/uploads\/2024\/12\/Convencion_Naciones_Unidas_ContraCorrupcion.pdf\" target=\"_blank\">\n\t\t\t\t<div class=\"elementor-element elementor-element-339dac8 elementor-widget elementor-widget-heading\" data-id=\"339dac8\" data-element_type=\"widget\" data-e-type=\"widget\" data-widget_type=\"heading.default\">\n\t\t\t\t<div class=\"elementor-widget-container\">\n\t\t\t\t\t<h5 class=\"elementor-heading-title elementor-size-default\">Convenci\u00f3n de las Naciones Unidas contra la corrupci\u00f3n\n<\/h5>\t\t\t\t<\/div>\n\t\t\t\t<\/div>\n\t\t\t\t<\/a>\n\t\t<a class=\"elementor-element elementor-element-acb909a e-con-full e-flex e-con e-child\" data-id=\"acb909a\" data-element_type=\"container\" data-e-type=\"container\" data-settings=\"{&quot;background_background&quot;:&quot;classic&quot;}\" href=\"https:\/\/itcoasprds-a77b12eedb9aa256-endpoint.azureedge.net\/blobitcoasprds4953213ea0\/wp-content\/uploads\/2024\/12\/A_Guide_for_Anticorruption_RiskAssesment.pdf\" target=\"_blank\">\n\t\t\t\t<div class=\"elementor-element elementor-element-426483a elementor-widget elementor-widget-heading\" data-id=\"426483a\" data-element_type=\"widget\" data-e-type=\"widget\" data-widget_type=\"heading.default\">\n\t\t\t\t<div class=\"elementor-widget-container\">\n\t\t\t\t\t<h5 class=\"elementor-heading-title elementor-size-default\">A Guide for Anticorruption RiskAssesment<\/h5>\t\t\t\t<\/div>\n\t\t\t\t<\/div>\n\t\t\t\t<\/a>\n\t\t<a class=\"elementor-element elementor-element-e150d9e e-con-full e-flex e-con e-child\" data-id=\"e150d9e\" data-element_type=\"container\" data-e-type=\"container\" data-settings=\"{&quot;background_background&quot;:&quot;classic&quot;}\" href=\"https:\/\/itcoasprds-a77b12eedb9aa256-endpoint.azureedge.net\/blobitcoasprds4953213ea0\/wp-content\/uploads\/2024\/12\/El_10mo_principio_contra_la_corrupcion.pdf\" target=\"_blank\">\n\t\t\t\t<div class=\"elementor-element elementor-element-41661e6 elementor-widget elementor-widget-heading\" data-id=\"41661e6\" data-element_type=\"widget\" data-e-type=\"widget\" data-widget_type=\"heading.default\">\n\t\t\t\t<div class=\"elementor-widget-container\">\n\t\t\t\t\t<h5 class=\"elementor-heading-title elementor-size-default\">El 10mo principio contra la corrupcio\u0301n\n<\/h5>\t\t\t\t<\/div>\n\t\t\t\t<\/div>\n\t\t\t\t<\/a>\n\t\t<a class=\"elementor-element elementor-element-eb02f16 e-con-full e-flex e-con e-child\" data-id=\"eb02f16\" data-element_type=\"container\" data-e-type=\"container\" data-settings=\"{&quot;background_background&quot;:&quot;classic&quot;}\" href=\"https:\/\/itcoasprds-a77b12eedb9aa256-endpoint.azureedge.net\/blobitcoasprds4953213ea0\/wp-content\/uploads\/2024\/12\/No__Excuses_PactoGlobal_Anticorrupcion.pdf\" target=\"_blank\">\n\t\t\t\t<div class=\"elementor-element elementor-element-bcca5e1 elementor-widget elementor-widget-heading\" data-id=\"bcca5e1\" data-element_type=\"widget\" data-e-type=\"widget\" data-widget_type=\"heading.default\">\n\t\t\t\t<div class=\"elementor-widget-container\">\n\t\t\t\t\t<h5 class=\"elementor-heading-title elementor-size-default\">No Excuses! - Anticorrupci\u00f3n\n<\/h5>\t\t\t\t<\/div>\n\t\t\t\t<\/div>\n\t\t\t\t<\/a>\n\t\t<a class=\"elementor-element elementor-element-4062e23 e-con-full e-flex e-con e-child\" data-id=\"4062e23\" data-element_type=\"container\" data-e-type=\"container\" data-settings=\"{&quot;background_background&quot;:&quot;classic&quot;}\" href=\"https:\/\/itcoasprds-a77b12eedb9aa256-endpoint.azureedge.net\/blobitcoasprds4953213ea0\/wp-content\/uploads\/2024\/12\/codigoConducta_VF_Esp.pdf\" target=\"_blank\">\n\t\t\t\t<div class=\"elementor-element elementor-element-82dad5d elementor-widget elementor-widget-heading\" data-id=\"82dad5d\" data-element_type=\"widget\" data-e-type=\"widget\" data-widget_type=\"heading.default\">\n\t\t\t\t<div class=\"elementor-widget-container\">\n\t\t\t\t\t<h5 class=\"elementor-heading-title elementor-size-default\">C\u00f3digo de conducta para proveedores de ISA y sus empresas\n<\/h5>\t\t\t\t<\/div>\n\t\t\t\t<\/div>\n\t\t\t\t<\/a>\n\t\t<a class=\"elementor-element elementor-element-30f0666 e-con-full e-flex e-con e-child\" data-id=\"30f0666\" data-element_type=\"container\" data-e-type=\"container\" data-settings=\"{&quot;background_background&quot;:&quot;classic&quot;}\" href=\"https:\/\/itcoasprds-a77b12eedb9aa256-endpoint.azureedge.net\/blobitcoasprds4953213ea0\/wp-content\/uploads\/2024\/12\/Codigo_Buen_Gobierno.pdf\" target=\"_blank\">\n\t\t\t\t<div class=\"elementor-element elementor-element-72906d3 elementor-widget elementor-widget-heading\" data-id=\"72906d3\" data-element_type=\"widget\" data-e-type=\"widget\" data-widget_type=\"heading.default\">\n\t\t\t\t<div class=\"elementor-widget-container\">\n\t\t\t\t\t<h5 class=\"elementor-heading-title elementor-size-default\">C\u00f3digo de Buen Gobierno Corporativo<\/h5>\t\t\t\t<\/div>\n\t\t\t\t<\/div>\n\t\t\t\t<\/a>\n\t\t<a class=\"elementor-element elementor-element-9952eef e-con-full e-flex e-con e-child\" data-id=\"9952eef\" data-element_type=\"container\" data-e-type=\"container\" data-settings=\"{&quot;background_background&quot;:&quot;classic&quot;}\" href=\"https:\/\/itcoasprds-a77b12eedb9aa256-endpoint.azureedge.net\/blobitcoasprds4953213ea0\/wp-content\/uploads\/2024\/12\/GUIA-CORPORATIVA-ISA-N47-DEL-123-DE-JUNIO-DE-2021.pdf\" target=\"_blank\">\n\t\t\t\t<div class=\"elementor-element elementor-element-dd35ce1 elementor-widget elementor-widget-heading\" data-id=\"dd35ce1\" data-element_type=\"widget\" data-e-type=\"widget\" data-widget_type=\"heading.default\">\n\t\t\t\t<div class=\"elementor-widget-container\">\n\t\t\t\t\t<h5 class=\"elementor-heading-title elementor-size-default\">Gu\u00eda corporativa ISA - Prevenci\u00f3n del lavado de activos, financiaci\u00f3n del terrorismo...<\/h5>\t\t\t\t<\/div>\n\t\t\t\t<\/div>\n\t\t\t\t<\/a>\n\t\t<a class=\"elementor-element elementor-element-4e2f2cc e-con-full e-flex e-con e-child\" data-id=\"4e2f2cc\" data-element_type=\"container\" data-e-type=\"container\" data-settings=\"{&quot;background_background&quot;:&quot;classic&quot;}\" href=\"https:\/\/itcoasprds-a77b12eedb9aa256-endpoint.azureedge.net\/blobitcoasprds4953213ea0\/wp-content\/uploads\/2024\/12\/Gestion-integral-de-riesgos.pdf\" target=\"_blank\">\n\t\t\t\t<div class=\"elementor-element elementor-element-922e6c3 elementor-widget elementor-widget-heading\" data-id=\"922e6c3\" data-element_type=\"widget\" data-e-type=\"widget\" data-widget_type=\"heading.default\">\n\t\t\t\t<div class=\"elementor-widget-container\">\n\t\t\t\t\t<h5 class=\"elementor-heading-title elementor-size-default\">C\u00f3digo de \u00e9tica y conducta de ISA y sus empresas<\/h5>\t\t\t\t<\/div>\n\t\t\t\t<\/div>\n\t\t\t\t<\/a>\n\t\t\t\t<\/div>\n\t\t\t\t\t<\/div>\n\t\t\t\t<\/div>\n\t\t\t\t<\/div>\n\t\t","protected":false},"excerpt":{"rendered":"<p>Buenas pr\u00e1cticas en anticorrupci\u00f3n en Colombia Gu\u00eda Gesti\u00f3n anticorrupci\u00f3n y antisoborno de ISA Convenci\u00f3n de las Naciones Unidas contra la corrupci\u00f3n A Guide for Anticorruption RiskAssesment El 10mo principio contra la corrupcio\u0301n No Excuses! &#8211; Anticorrupci\u00f3n C\u00f3digo de conducta para proveedores de ISA y sus empresas C\u00f3digo de Buen Gobierno Corporativo Gu\u00eda corporativa ISA &#8211; [&hellip;]<\/p>\n","protected":false},"author":44,"featured_media":0,"parent":37933,"menu_order":0,"comment_status":"closed","ping_status":"closed","template":"","meta":{"footnotes":""},"categories":[],"tags":[],"class_list":["post-38159","page","type-page","status-publish","hentry"],"yoast_head":"<!-- This site is optimized with the Yoast SEO plugin v26.5 - https:\/\/yoast.com\/wordpress\/plugins\/seo\/ -->\n<title>\u00c9tica anticorrupci\u00f3n - ISA INTERCOLOMBIA<\/title>\n<meta name=\"robots\" content=\"index, follow, max-snippet:-1, max-image-preview:large, max-video-preview:-1\" \/>\n<link rel=\"canonical\" href=\"https:\/\/colombia.isaenergia.com\/isaintercolombia\/caja-de-herramientas-sostenibilidad\/etica-anticorrupcion\/\" \/>\n<meta property=\"og:locale\" content=\"es_ES\" \/>\n<meta property=\"og:type\" content=\"article\" \/>\n<meta property=\"og:title\" content=\"\u00c9tica anticorrupci\u00f3n - ISA INTERCOLOMBIA\" \/>\n<meta property=\"og:description\" content=\"Buenas pr\u00e1cticas en anticorrupci\u00f3n en Colombia Gu\u00eda Gesti\u00f3n anticorrupci\u00f3n y antisoborno de ISA Convenci\u00f3n de las Naciones Unidas contra la corrupci\u00f3n A Guide for Anticorruption RiskAssesment El 10mo principio contra la corrupcio\u0301n No Excuses! &#8211; Anticorrupci\u00f3n C\u00f3digo de conducta para proveedores de ISA y sus empresas C\u00f3digo de Buen Gobierno Corporativo Gu\u00eda corporativa ISA &#8211; [&hellip;]\" \/>\n<meta property=\"og:url\" content=\"https:\/\/colombia.isaenergia.com\/isaintercolombia\/caja-de-herramientas-sostenibilidad\/etica-anticorrupcion\/\" \/>\n<meta property=\"og:site_name\" content=\"ISA INTERCOLOMBIA\" \/>\n<meta property=\"article:modified_time\" content=\"2024-12-06T20:11:58+00:00\" \/>\n<meta name=\"twitter:card\" content=\"summary_large_image\" \/>\n<meta name=\"twitter:label1\" content=\"Est. reading time\" \/>\n\t<meta name=\"twitter:data1\" content=\"1 minute\" \/>\n<script type=\"application\/ld+json\" class=\"yoast-schema-graph\">{\"@context\":\"https:\/\/schema.org\",\"@graph\":[{\"@type\":\"WebPage\",\"@id\":\"https:\/\/colombia.isaenergia.com\/isaintercolombia\/caja-de-herramientas-sostenibilidad\/etica-anticorrupcion\/\",\"url\":\"https:\/\/colombia.isaenergia.com\/isaintercolombia\/caja-de-herramientas-sostenibilidad\/etica-anticorrupcion\/\",\"name\":\"\u00c9tica anticorrupci\u00f3n - ISA INTERCOLOMBIA\",\"isPartOf\":{\"@id\":\"https:\/\/colombia.isaenergia.com\/isaintercolombia\/#website\"},\"datePublished\":\"2024-12-06T19:46:42+00:00\",\"dateModified\":\"2024-12-06T20:11:58+00:00\",\"breadcrumb\":{\"@id\":\"https:\/\/colombia.isaenergia.com\/isaintercolombia\/caja-de-herramientas-sostenibilidad\/etica-anticorrupcion\/#breadcrumb\"},\"inLanguage\":\"es-ES\",\"potentialAction\":[{\"@type\":\"ReadAction\",\"target\":[\"https:\/\/colombia.isaenergia.com\/isaintercolombia\/caja-de-herramientas-sostenibilidad\/etica-anticorrupcion\/\"]}]},{\"@type\":\"BreadcrumbList\",\"@id\":\"https:\/\/colombia.isaenergia.com\/isaintercolombia\/caja-de-herramientas-sostenibilidad\/etica-anticorrupcion\/#breadcrumb\",\"itemListElement\":[{\"@type\":\"ListItem\",\"position\":1,\"name\":\"Home\",\"item\":\"https:\/\/colombia.isaenergia.com\/isaintercolombia\/\"},{\"@type\":\"ListItem\",\"position\":2,\"name\":\"Caja de herramientas &#8211; Sostenibilidad\",\"item\":\"https:\/\/colombia.isaenergia.com\/isaintercolombia\/caja-de-herramientas-sostenibilidad\/\"},{\"@type\":\"ListItem\",\"position\":3,\"name\":\"\u00c9tica anticorrupci\u00f3n\"}]},{\"@type\":\"WebSite\",\"@id\":\"https:\/\/colombia.isaenergia.com\/isaintercolombia\/#website\",\"url\":\"https:\/\/colombia.isaenergia.com\/isaintercolombia\/\",\"name\":\"ISA INTERCOLOMBIA\",\"description\":\"ISA INTERCOLOMBIA\",\"publisher\":{\"@id\":\"https:\/\/colombia.isaenergia.com\/isaintercolombia\/#organization\"},\"potentialAction\":[{\"@type\":\"SearchAction\",\"target\":{\"@type\":\"EntryPoint\",\"urlTemplate\":\"https:\/\/colombia.isaenergia.com\/isaintercolombia\/?s={search_term_string}\"},\"query-input\":{\"@type\":\"PropertyValueSpecification\",\"valueRequired\":true,\"valueName\":\"search_term_string\"}}],\"inLanguage\":\"es-ES\"},{\"@type\":\"Organization\",\"@id\":\"https:\/\/colombia.isaenergia.com\/isaintercolombia\/#organization\",\"name\":\"ISA INTERCOLOMBIA\",\"url\":\"https:\/\/colombia.isaenergia.com\/isaintercolombia\/\",\"logo\":{\"@type\":\"ImageObject\",\"inLanguage\":\"es-ES\",\"@id\":\"https:\/\/colombia.isaenergia.com\/isaintercolombia\/#\/schema\/logo\/image\/\",\"url\":\"\/wp-content\/uploads\/sites\/3\/2022\/05\/cropped-Isa_InterColombia_logo.png\",\"contentUrl\":\"\/wp-content\/uploads\/sites\/3\/2022\/05\/cropped-Isa_InterColombia_logo.png\",\"width\":619,\"height\":286,\"caption\":\"ISA INTERCOLOMBIA\"},\"image\":{\"@id\":\"https:\/\/colombia.isaenergia.com\/isaintercolombia\/#\/schema\/logo\/image\/\"}}]}<\/script>\n<!-- \/ Yoast SEO plugin. -->","yoast_head_json":{"title":"\u00c9tica anticorrupci\u00f3n - ISA INTERCOLOMBIA","robots":{"index":"index","follow":"follow","max-snippet":"max-snippet:-1","max-image-preview":"max-image-preview:large","max-video-preview":"max-video-preview:-1"},"canonical":"https:\/\/colombia.isaenergia.com\/isaintercolombia\/caja-de-herramientas-sostenibilidad\/etica-anticorrupcion\/","og_locale":"es_ES","og_type":"article","og_title":"\u00c9tica anticorrupci\u00f3n - ISA INTERCOLOMBIA","og_description":"Buenas pr\u00e1cticas en anticorrupci\u00f3n en Colombia Gu\u00eda Gesti\u00f3n anticorrupci\u00f3n y antisoborno de ISA Convenci\u00f3n de las Naciones Unidas contra la corrupci\u00f3n A Guide for Anticorruption RiskAssesment El 10mo principio contra la corrupcio\u0301n No Excuses! &#8211; Anticorrupci\u00f3n C\u00f3digo de conducta para proveedores de ISA y sus empresas C\u00f3digo de Buen Gobierno Corporativo Gu\u00eda corporativa ISA &#8211; [&hellip;]","og_url":"https:\/\/colombia.isaenergia.com\/isaintercolombia\/caja-de-herramientas-sostenibilidad\/etica-anticorrupcion\/","og_site_name":"ISA INTERCOLOMBIA","article_modified_time":"2024-12-06T20:11:58+00:00","twitter_card":"summary_large_image","twitter_misc":{"Est. reading time":"1 minute"},"schema":{"@context":"https:\/\/schema.org","@graph":[{"@type":"WebPage","@id":"https:\/\/colombia.isaenergia.com\/isaintercolombia\/caja-de-herramientas-sostenibilidad\/etica-anticorrupcion\/","url":"https:\/\/colombia.isaenergia.com\/isaintercolombia\/caja-de-herramientas-sostenibilidad\/etica-anticorrupcion\/","name":"\u00c9tica anticorrupci\u00f3n - ISA INTERCOLOMBIA","isPartOf":{"@id":"https:\/\/colombia.isaenergia.com\/isaintercolombia\/#website"},"datePublished":"2024-12-06T19:46:42+00:00","dateModified":"2024-12-06T20:11:58+00:00","breadcrumb":{"@id":"https:\/\/colombia.isaenergia.com\/isaintercolombia\/caja-de-herramientas-sostenibilidad\/etica-anticorrupcion\/#breadcrumb"},"inLanguage":"es-ES","potentialAction":[{"@type":"ReadAction","target":["https:\/\/colombia.isaenergia.com\/isaintercolombia\/caja-de-herramientas-sostenibilidad\/etica-anticorrupcion\/"]}]},{"@type":"BreadcrumbList","@id":"https:\/\/colombia.isaenergia.com\/isaintercolombia\/caja-de-herramientas-sostenibilidad\/etica-anticorrupcion\/#breadcrumb","itemListElement":[{"@type":"ListItem","position":1,"name":"Home","item":"https:\/\/colombia.isaenergia.com\/isaintercolombia\/"},{"@type":"ListItem","position":2,"name":"Caja de herramientas &#8211; Sostenibilidad","item":"https:\/\/colombia.isaenergia.com\/isaintercolombia\/caja-de-herramientas-sostenibilidad\/"},{"@type":"ListItem","position":3,"name":"\u00c9tica anticorrupci\u00f3n"}]},{"@type":"WebSite","@id":"https:\/\/colombia.isaenergia.com\/isaintercolombia\/#website","url":"https:\/\/colombia.isaenergia.com\/isaintercolombia\/","name":"ISA INTERCOLOMBIA","description":"ISA INTERCOLOMBIA","publisher":{"@id":"https:\/\/colombia.isaenergia.com\/isaintercolombia\/#organization"},"potentialAction":[{"@type":"SearchAction","target":{"@type":"EntryPoint","urlTemplate":"https:\/\/colombia.isaenergia.com\/isaintercolombia\/?s={search_term_string}"},"query-input":{"@type":"PropertyValueSpecification","valueRequired":true,"valueName":"search_term_string"}}],"inLanguage":"es-ES"},{"@type":"Organization","@id":"https:\/\/colombia.isaenergia.com\/isaintercolombia\/#organization","name":"ISA INTERCOLOMBIA","url":"https:\/\/colombia.isaenergia.com\/isaintercolombia\/","logo":{"@type":"ImageObject","inLanguage":"es-ES","@id":"https:\/\/colombia.isaenergia.com\/isaintercolombia\/#\/schema\/logo\/image\/","url":"\/wp-content\/uploads\/sites\/3\/2022\/05\/cropped-Isa_InterColombia_logo.png","contentUrl":"\/wp-content\/uploads\/sites\/3\/2022\/05\/cropped-Isa_InterColombia_logo.png","width":619,"height":286,"caption":"ISA INTERCOLOMBIA"},"image":{"@id":"https:\/\/colombia.isaenergia.com\/isaintercolombia\/#\/schema\/logo\/image\/"}}]}},"publishpress_future_action":{"enabled":false,"date":"2026-05-15 09:38:27","action":"change-status","newStatus":"draft","terms":[],"taxonomy":"category","extraData":[]},"publishpress_future_workflow_manual_trigger":{"enabledWorkflows":[]},"_links":{"self":[{"href":"https:\/\/colombia.isaenergia.com\/isaintercolombia\/wp-json\/wp\/v2\/pages\/38159","targetHints":{"allow":["GET"]}}],"collection":[{"href":"https:\/\/colombia.isaenergia.com\/isaintercolombia\/wp-json\/wp\/v2\/pages"}],"about":[{"href":"https:\/\/colombia.isaenergia.com\/isaintercolombia\/wp-json\/wp\/v2\/types\/page"}],"author":[{"embeddable":true,"href":"https:\/\/colombia.isaenergia.com\/isaintercolombia\/wp-json\/wp\/v2\/users\/44"}],"replies":[{"embeddable":true,"href":"https:\/\/colombia.isaenergia.com\/isaintercolombia\/wp-json\/wp\/v2\/comments?post=38159"}],"version-history":[{"count":19,"href":"https:\/\/colombia.isaenergia.com\/isaintercolombia\/wp-json\/wp\/v2\/pages\/38159\/revisions"}],"predecessor-version":[{"id":38200,"href":"https:\/\/colombia.isaenergia.com\/isaintercolombia\/wp-json\/wp\/v2\/pages\/38159\/revisions\/38200"}],"up":[{"embeddable":true,"href":"https:\/\/colombia.isaenergia.com\/isaintercolombia\/wp-json\/wp\/v2\/pages\/37933"}],"wp:attachment":[{"href":"https:\/\/colombia.isaenergia.com\/isaintercolombia\/wp-json\/wp\/v2\/media?parent=38159"}],"wp:term":[{"taxonomy":"category","embeddable":true,"href":"https:\/\/colombia.isaenergia.com\/isaintercolombia\/wp-json\/wp\/v2\/categories?post=38159"},{"taxonomy":"post_tag","embeddable":true,"href":"https:\/\/colombia.isaenergia.com\/isaintercolombia\/wp-json\/wp\/v2\/tags?post=38159"}],"curies":[{"name":"wp","href":"https:\/\/api.w.org\/{rel}","templated":true}]}}