{"id":38049,"date":"2024-12-06T13:13:59","date_gmt":"2024-12-06T18:13:59","guid":{"rendered":"https:\/\/itco-as-prd-sitioweb-002.azurewebsites.net\/?page_id=38049"},"modified":"2024-12-06T13:21:12","modified_gmt":"2024-12-06T18:21:12","slug":"diversidad-equidad-e-inclusion","status":"publish","type":"page","link":"https:\/\/colombia.isaenergia.com\/isaintercolombia\/caja-de-herramientas-sostenibilidad\/diversidad-equidad-e-inclusion\/","title":{"rendered":"Diversidad, equidad e inclusi\u00f3n"},"content":{"rendered":"\t\t<div data-elementor-type=\"wp-page\" data-elementor-id=\"38049\" class=\"elementor elementor-38049\" data-elementor-post-type=\"page\">\n\t\t\t\t<div class=\"elementor-element elementor-element-cb3a277 e-flex e-con-boxed e-con e-parent\" data-id=\"cb3a277\" data-element_type=\"container\" data-e-type=\"container\">\n\t\t\t\t\t<div class=\"e-con-inner\">\n\t\t\t\t<div class=\"elementor-element elementor-element-8e0047d elementor-align-left elementor-widget elementor-widget-breadcrumbs\" data-id=\"8e0047d\" data-element_type=\"widget\" data-e-type=\"widget\" data-widget_type=\"breadcrumbs.default\">\n\t\t\t\t<div class=\"elementor-widget-container\">\n\t\t\t\t\t<p id=\"breadcrumbs\"><span><span><a href=\"https:\/\/colombia.isaenergia.com\/isaintercolombia\/\">Home<\/a><\/span><\/span><\/p>\t\t\t\t<\/div>\n\t\t\t\t<\/div>\n\t\t\t\t\t<\/div>\n\t\t\t\t<\/div>\n\t\t<div class=\"elementor-element elementor-element-6918a0f e-flex e-con-boxed e-con e-parent\" data-id=\"6918a0f\" data-element_type=\"container\" data-e-type=\"container\">\n\t\t\t\t\t<div class=\"e-con-inner\">\n\t\t<div class=\"elementor-element elementor-element-67079dc e-con-full e-flex e-con e-child\" data-id=\"67079dc\" data-element_type=\"container\" data-e-type=\"container\">\n\t\t<a class=\"elementor-element elementor-element-c787939 e-con-full e-flex e-con e-child\" data-id=\"c787939\" data-element_type=\"container\" data-e-type=\"container\" data-settings=\"{&quot;background_background&quot;:&quot;classic&quot;}\" href=\"https:\/\/itcoasprds-a77b12eedb9aa256-endpoint.azureedge.net\/blobitcoasprds4953213ea0\/wp-content\/uploads\/2024\/12\/Guia_Inclusion_PactoGlobal.pdf\" target=\"_blank\">\n\t\t\t\t<div class=\"elementor-element elementor-element-c47e5cc elementor-widget elementor-widget-heading\" data-id=\"c47e5cc\" data-element_type=\"widget\" data-e-type=\"widget\" data-widget_type=\"heading.default\">\n\t\t\t\t<div class=\"elementor-widget-container\">\n\t\t\t\t\t<h5 class=\"elementor-heading-title elementor-size-default\">ABC de la inclusi\u00f3n - Pacto Global<\/h5>\t\t\t\t<\/div>\n\t\t\t\t<\/div>\n\t\t\t\t<\/a>\n\t\t<a class=\"elementor-element elementor-element-cf6ccb9 e-con-full e-flex e-con e-child\" data-id=\"cf6ccb9\" data-element_type=\"container\" data-e-type=\"container\" data-settings=\"{&quot;background_background&quot;:&quot;classic&quot;}\" href=\"https:\/\/itcoasprds-a77b12eedb9aa256-endpoint.azureedge.net\/blobitcoasprds4953213ea0\/wp-content\/uploads\/2024\/12\/Decalogo-de-comunicaciones-incluyentes.pdf\" target=\"_blank\">\n\t\t\t\t<div class=\"elementor-element elementor-element-7d9f36e elementor-widget elementor-widget-heading\" data-id=\"7d9f36e\" data-element_type=\"widget\" data-e-type=\"widget\" data-widget_type=\"heading.default\">\n\t\t\t\t<div class=\"elementor-widget-container\">\n\t\t\t\t\t<h5 class=\"elementor-heading-title elementor-size-default\">Dec\u00e1logo de comunicaciones incluyentes<\/h5>\t\t\t\t<\/div>\n\t\t\t\t<\/div>\n\t\t\t\t<\/a>\n\t\t<a class=\"elementor-element elementor-element-0150e76 e-con-full e-flex e-con e-child\" data-id=\"0150e76\" data-element_type=\"container\" data-e-type=\"container\" data-settings=\"{&quot;background_background&quot;:&quot;classic&quot;}\" href=\"https:\/\/itcoasprds-a77b12eedb9aa256-endpoint.azureedge.net\/blobitcoasprds4953213ea0\/wp-content\/uploads\/2024\/12\/politica_equidaInclusionGrupoISA.pdf\" target=\"_blank\">\n\t\t\t\t<div class=\"elementor-element elementor-element-faca2f0 elementor-widget elementor-widget-heading\" data-id=\"faca2f0\" data-element_type=\"widget\" data-e-type=\"widget\" data-widget_type=\"heading.default\">\n\t\t\t\t<div class=\"elementor-widget-container\">\n\t\t\t\t\t<h5 class=\"elementor-heading-title elementor-size-default\">Pol\u00edtica de equidad e inclusi\u00f3n Grupo ISA<\/h5>\t\t\t\t<\/div>\n\t\t\t\t<\/div>\n\t\t\t\t<\/a>\n\t\t\t\t<\/div>\n\t\t\t\t\t<\/div>\n\t\t\t\t<\/div>\n\t\t\t\t<\/div>\n\t\t","protected":false},"excerpt":{"rendered":"<p>ABC de la inclusi\u00f3n &#8211; Pacto Global Dec\u00e1logo de comunicaciones incluyentes Pol\u00edtica de equidad e inclusi\u00f3n Grupo ISA<\/p>\n","protected":false},"author":44,"featured_media":0,"parent":37933,"menu_order":0,"comment_status":"closed","ping_status":"closed","template":"","meta":{"footnotes":""},"categories":[],"tags":[],"class_list":["post-38049","page","type-page","status-publish","hentry"],"yoast_head":"<!-- This site is optimized with the Yoast SEO plugin v26.5 - https:\/\/yoast.com\/wordpress\/plugins\/seo\/ -->\n<title>Diversidad, equidad e inclusi\u00f3n - ISA INTERCOLOMBIA<\/title>\n<meta name=\"robots\" content=\"index, follow, max-snippet:-1, max-image-preview:large, max-video-preview:-1\" \/>\n<link rel=\"canonical\" href=\"https:\/\/colombia.isaenergia.com\/isaintercolombia\/caja-de-herramientas-sostenibilidad\/diversidad-equidad-e-inclusion\/\" \/>\n<meta property=\"og:locale\" content=\"es_ES\" \/>\n<meta property=\"og:type\" content=\"article\" \/>\n<meta property=\"og:title\" content=\"Diversidad, equidad e inclusi\u00f3n - ISA INTERCOLOMBIA\" \/>\n<meta property=\"og:description\" content=\"ABC de la inclusi\u00f3n &#8211; Pacto Global Dec\u00e1logo de comunicaciones incluyentes Pol\u00edtica de equidad e inclusi\u00f3n Grupo ISA\" \/>\n<meta property=\"og:url\" content=\"https:\/\/colombia.isaenergia.com\/isaintercolombia\/caja-de-herramientas-sostenibilidad\/diversidad-equidad-e-inclusion\/\" \/>\n<meta property=\"og:site_name\" content=\"ISA INTERCOLOMBIA\" \/>\n<meta property=\"article:modified_time\" content=\"2024-12-06T18:21:12+00:00\" \/>\n<meta name=\"twitter:card\" content=\"summary_large_image\" \/>\n<meta name=\"twitter:label1\" content=\"Est. reading time\" \/>\n\t<meta name=\"twitter:data1\" content=\"1 minute\" \/>\n<script type=\"application\/ld+json\" class=\"yoast-schema-graph\">{\"@context\":\"https:\/\/schema.org\",\"@graph\":[{\"@type\":\"WebPage\",\"@id\":\"https:\/\/colombia.isaenergia.com\/isaintercolombia\/caja-de-herramientas-sostenibilidad\/diversidad-equidad-e-inclusion\/\",\"url\":\"https:\/\/colombia.isaenergia.com\/isaintercolombia\/caja-de-herramientas-sostenibilidad\/diversidad-equidad-e-inclusion\/\",\"name\":\"Diversidad, equidad e inclusi\u00f3n - ISA INTERCOLOMBIA\",\"isPartOf\":{\"@id\":\"https:\/\/colombia.isaenergia.com\/isaintercolombia\/#website\"},\"datePublished\":\"2024-12-06T18:13:59+00:00\",\"dateModified\":\"2024-12-06T18:21:12+00:00\",\"breadcrumb\":{\"@id\":\"https:\/\/colombia.isaenergia.com\/isaintercolombia\/caja-de-herramientas-sostenibilidad\/diversidad-equidad-e-inclusion\/#breadcrumb\"},\"inLanguage\":\"es-ES\",\"potentialAction\":[{\"@type\":\"ReadAction\",\"target\":[\"https:\/\/colombia.isaenergia.com\/isaintercolombia\/caja-de-herramientas-sostenibilidad\/diversidad-equidad-e-inclusion\/\"]}]},{\"@type\":\"BreadcrumbList\",\"@id\":\"https:\/\/colombia.isaenergia.com\/isaintercolombia\/caja-de-herramientas-sostenibilidad\/diversidad-equidad-e-inclusion\/#breadcrumb\",\"itemListElement\":[{\"@type\":\"ListItem\",\"position\":1,\"name\":\"Home\",\"item\":\"https:\/\/colombia.isaenergia.com\/isaintercolombia\/\"},{\"@type\":\"ListItem\",\"position\":2,\"name\":\"Caja de herramientas &#8211; Sostenibilidad\",\"item\":\"https:\/\/colombia.isaenergia.com\/isaintercolombia\/caja-de-herramientas-sostenibilidad\/\"},{\"@type\":\"ListItem\",\"position\":3,\"name\":\"Diversidad, equidad e inclusi\u00f3n\"}]},{\"@type\":\"WebSite\",\"@id\":\"https:\/\/colombia.isaenergia.com\/isaintercolombia\/#website\",\"url\":\"https:\/\/colombia.isaenergia.com\/isaintercolombia\/\",\"name\":\"ISA INTERCOLOMBIA\",\"description\":\"ISA INTERCOLOMBIA\",\"publisher\":{\"@id\":\"https:\/\/colombia.isaenergia.com\/isaintercolombia\/#organization\"},\"potentialAction\":[{\"@type\":\"SearchAction\",\"target\":{\"@type\":\"EntryPoint\",\"urlTemplate\":\"https:\/\/colombia.isaenergia.com\/isaintercolombia\/?s={search_term_string}\"},\"query-input\":{\"@type\":\"PropertyValueSpecification\",\"valueRequired\":true,\"valueName\":\"search_term_string\"}}],\"inLanguage\":\"es-ES\"},{\"@type\":\"Organization\",\"@id\":\"https:\/\/colombia.isaenergia.com\/isaintercolombia\/#organization\",\"name\":\"ISA INTERCOLOMBIA\",\"url\":\"https:\/\/colombia.isaenergia.com\/isaintercolombia\/\",\"logo\":{\"@type\":\"ImageObject\",\"inLanguage\":\"es-ES\",\"@id\":\"https:\/\/colombia.isaenergia.com\/isaintercolombia\/#\/schema\/logo\/image\/\",\"url\":\"\/wp-content\/uploads\/sites\/3\/2022\/05\/cropped-Isa_InterColombia_logo.png\",\"contentUrl\":\"\/wp-content\/uploads\/sites\/3\/2022\/05\/cropped-Isa_InterColombia_logo.png\",\"width\":619,\"height\":286,\"caption\":\"ISA INTERCOLOMBIA\"},\"image\":{\"@id\":\"https:\/\/colombia.isaenergia.com\/isaintercolombia\/#\/schema\/logo\/image\/\"}}]}<\/script>\n<!-- \/ Yoast SEO plugin. -->","yoast_head_json":{"title":"Diversidad, equidad e inclusi\u00f3n - ISA INTERCOLOMBIA","robots":{"index":"index","follow":"follow","max-snippet":"max-snippet:-1","max-image-preview":"max-image-preview:large","max-video-preview":"max-video-preview:-1"},"canonical":"https:\/\/colombia.isaenergia.com\/isaintercolombia\/caja-de-herramientas-sostenibilidad\/diversidad-equidad-e-inclusion\/","og_locale":"es_ES","og_type":"article","og_title":"Diversidad, equidad e inclusi\u00f3n - ISA INTERCOLOMBIA","og_description":"ABC de la inclusi\u00f3n &#8211; Pacto Global Dec\u00e1logo de comunicaciones incluyentes Pol\u00edtica de equidad e inclusi\u00f3n Grupo ISA","og_url":"https:\/\/colombia.isaenergia.com\/isaintercolombia\/caja-de-herramientas-sostenibilidad\/diversidad-equidad-e-inclusion\/","og_site_name":"ISA INTERCOLOMBIA","article_modified_time":"2024-12-06T18:21:12+00:00","twitter_card":"summary_large_image","twitter_misc":{"Est. reading time":"1 minute"},"schema":{"@context":"https:\/\/schema.org","@graph":[{"@type":"WebPage","@id":"https:\/\/colombia.isaenergia.com\/isaintercolombia\/caja-de-herramientas-sostenibilidad\/diversidad-equidad-e-inclusion\/","url":"https:\/\/colombia.isaenergia.com\/isaintercolombia\/caja-de-herramientas-sostenibilidad\/diversidad-equidad-e-inclusion\/","name":"Diversidad, equidad e inclusi\u00f3n - ISA INTERCOLOMBIA","isPartOf":{"@id":"https:\/\/colombia.isaenergia.com\/isaintercolombia\/#website"},"datePublished":"2024-12-06T18:13:59+00:00","dateModified":"2024-12-06T18:21:12+00:00","breadcrumb":{"@id":"https:\/\/colombia.isaenergia.com\/isaintercolombia\/caja-de-herramientas-sostenibilidad\/diversidad-equidad-e-inclusion\/#breadcrumb"},"inLanguage":"es-ES","potentialAction":[{"@type":"ReadAction","target":["https:\/\/colombia.isaenergia.com\/isaintercolombia\/caja-de-herramientas-sostenibilidad\/diversidad-equidad-e-inclusion\/"]}]},{"@type":"BreadcrumbList","@id":"https:\/\/colombia.isaenergia.com\/isaintercolombia\/caja-de-herramientas-sostenibilidad\/diversidad-equidad-e-inclusion\/#breadcrumb","itemListElement":[{"@type":"ListItem","position":1,"name":"Home","item":"https:\/\/colombia.isaenergia.com\/isaintercolombia\/"},{"@type":"ListItem","position":2,"name":"Caja de herramientas &#8211; Sostenibilidad","item":"https:\/\/colombia.isaenergia.com\/isaintercolombia\/caja-de-herramientas-sostenibilidad\/"},{"@type":"ListItem","position":3,"name":"Diversidad, equidad e inclusi\u00f3n"}]},{"@type":"WebSite","@id":"https:\/\/colombia.isaenergia.com\/isaintercolombia\/#website","url":"https:\/\/colombia.isaenergia.com\/isaintercolombia\/","name":"ISA INTERCOLOMBIA","description":"ISA INTERCOLOMBIA","publisher":{"@id":"https:\/\/colombia.isaenergia.com\/isaintercolombia\/#organization"},"potentialAction":[{"@type":"SearchAction","target":{"@type":"EntryPoint","urlTemplate":"https:\/\/colombia.isaenergia.com\/isaintercolombia\/?s={search_term_string}"},"query-input":{"@type":"PropertyValueSpecification","valueRequired":true,"valueName":"search_term_string"}}],"inLanguage":"es-ES"},{"@type":"Organization","@id":"https:\/\/colombia.isaenergia.com\/isaintercolombia\/#organization","name":"ISA INTERCOLOMBIA","url":"https:\/\/colombia.isaenergia.com\/isaintercolombia\/","logo":{"@type":"ImageObject","inLanguage":"es-ES","@id":"https:\/\/colombia.isaenergia.com\/isaintercolombia\/#\/schema\/logo\/image\/","url":"\/wp-content\/uploads\/sites\/3\/2022\/05\/cropped-Isa_InterColombia_logo.png","contentUrl":"\/wp-content\/uploads\/sites\/3\/2022\/05\/cropped-Isa_InterColombia_logo.png","width":619,"height":286,"caption":"ISA INTERCOLOMBIA"},"image":{"@id":"https:\/\/colombia.isaenergia.com\/isaintercolombia\/#\/schema\/logo\/image\/"}}]}},"publishpress_future_action":{"enabled":false,"date":"2026-05-15 09:39:05","action":"change-status","newStatus":"draft","terms":[],"taxonomy":"category","extraData":[]},"publishpress_future_workflow_manual_trigger":{"enabledWorkflows":[]},"_links":{"self":[{"href":"https:\/\/colombia.isaenergia.com\/isaintercolombia\/wp-json\/wp\/v2\/pages\/38049","targetHints":{"allow":["GET"]}}],"collection":[{"href":"https:\/\/colombia.isaenergia.com\/isaintercolombia\/wp-json\/wp\/v2\/pages"}],"about":[{"href":"https:\/\/colombia.isaenergia.com\/isaintercolombia\/wp-json\/wp\/v2\/types\/page"}],"author":[{"embeddable":true,"href":"https:\/\/colombia.isaenergia.com\/isaintercolombia\/wp-json\/wp\/v2\/users\/44"}],"replies":[{"embeddable":true,"href":"https:\/\/colombia.isaenergia.com\/isaintercolombia\/wp-json\/wp\/v2\/comments?post=38049"}],"version-history":[{"count":10,"href":"https:\/\/colombia.isaenergia.com\/isaintercolombia\/wp-json\/wp\/v2\/pages\/38049\/revisions"}],"predecessor-version":[{"id":38070,"href":"https:\/\/colombia.isaenergia.com\/isaintercolombia\/wp-json\/wp\/v2\/pages\/38049\/revisions\/38070"}],"up":[{"embeddable":true,"href":"https:\/\/colombia.isaenergia.com\/isaintercolombia\/wp-json\/wp\/v2\/pages\/37933"}],"wp:attachment":[{"href":"https:\/\/colombia.isaenergia.com\/isaintercolombia\/wp-json\/wp\/v2\/media?parent=38049"}],"wp:term":[{"taxonomy":"category","embeddable":true,"href":"https:\/\/colombia.isaenergia.com\/isaintercolombia\/wp-json\/wp\/v2\/categories?post=38049"},{"taxonomy":"post_tag","embeddable":true,"href":"https:\/\/colombia.isaenergia.com\/isaintercolombia\/wp-json\/wp\/v2\/tags?post=38049"}],"curies":[{"name":"wp","href":"https:\/\/api.w.org\/{rel}","templated":true}]}}