{"id":37962,"date":"2024-12-06T12:12:44","date_gmt":"2024-12-06T17:12:44","guid":{"rendered":"https:\/\/itco-as-prd-sitioweb-002.azurewebsites.net\/?page_id=37962"},"modified":"2024-12-06T13:07:56","modified_gmt":"2024-12-06T18:07:56","slug":"buenas-practicas","status":"publish","type":"page","link":"https:\/\/colombia.isaenergia.com\/isaintercolombia\/caja-de-herramientas-sostenibilidad\/buenas-practicas\/","title":{"rendered":"Buenas pr\u00e1cticas"},"content":{"rendered":"\t\t<div data-elementor-type=\"wp-page\" data-elementor-id=\"37962\" class=\"elementor elementor-37962\" data-elementor-post-type=\"page\">\n\t\t\t\t<div class=\"elementor-element elementor-element-af322b2 e-flex e-con-boxed e-con e-parent\" data-id=\"af322b2\" data-element_type=\"container\" data-e-type=\"container\">\n\t\t\t\t\t<div class=\"e-con-inner\">\n\t\t\t\t<div class=\"elementor-element elementor-element-b727d22 elementor-align-left elementor-widget elementor-widget-breadcrumbs\" data-id=\"b727d22\" data-element_type=\"widget\" data-e-type=\"widget\" data-widget_type=\"breadcrumbs.default\">\n\t\t\t\t<div class=\"elementor-widget-container\">\n\t\t\t\t\t<p id=\"breadcrumbs\"><span><span><a href=\"https:\/\/colombia.isaenergia.com\/isaintercolombia\/\">Home<\/a><\/span><\/span><\/p>\t\t\t\t<\/div>\n\t\t\t\t<\/div>\n\t\t\t\t<div class=\"elementor-element elementor-element-c7aed5f elementor-widget elementor-widget-heading\" data-id=\"c7aed5f\" data-element_type=\"widget\" data-e-type=\"widget\" data-widget_type=\"heading.default\">\n\t\t\t\t<div class=\"elementor-widget-container\">\n\t\t\t\t\t<h1 class=\"elementor-heading-title elementor-size-default\">Buenas pr\u00e1cticas<\/h1>\t\t\t\t<\/div>\n\t\t\t\t<\/div>\n\t\t\t\t\t<\/div>\n\t\t\t\t<\/div>\n\t\t<div class=\"elementor-element elementor-element-a841f69 e-flex e-con-boxed e-con e-parent\" data-id=\"a841f69\" data-element_type=\"container\" data-e-type=\"container\">\n\t\t\t\t\t<div class=\"e-con-inner\">\n\t\t<div class=\"elementor-element elementor-element-971d4f1 e-con-full e-flex e-con e-child\" data-id=\"971d4f1\" data-element_type=\"container\" data-e-type=\"container\">\n\t\t\t\t<div class=\"elementor-element elementor-element-3a0b952 elementor-widget__width-inherit elementor-widget elementor-widget-heading\" data-id=\"3a0b952\" data-element_type=\"widget\" data-e-type=\"widget\" data-widget_type=\"heading.default\">\n\t\t\t\t<div class=\"elementor-widget-container\">\n\t\t\t\t\t<h2 class=\"elementor-heading-title elementor-size-default\">Adaptaci\u00f3n<\/h2>\t\t\t\t<\/div>\n\t\t\t\t<\/div>\n\t\t<a class=\"elementor-element elementor-element-1b85878 e-con-full e-flex e-con e-child\" data-id=\"1b85878\" data-element_type=\"container\" data-e-type=\"container\" data-settings=\"{&quot;background_background&quot;:&quot;classic&quot;}\" href=\"https:\/\/itcoasprds-a77b12eedb9aa256-endpoint.azureedge.net\/blobitcoasprds4953213ea0\/wp-content\/uploads\/2024\/12\/03-12-2020-anla-infraestructura-adaptacion.pdf\" target=\"_blank\">\n\t\t\t\t<div class=\"elementor-element elementor-element-f3f62b9 elementor-widget elementor-widget-heading\" data-id=\"f3f62b9\" data-element_type=\"widget\" data-e-type=\"widget\" data-widget_type=\"heading.default\">\n\t\t\t\t<div class=\"elementor-widget-container\">\n\t\t\t\t\t<h5 class=\"elementor-heading-title elementor-size-default\">ANLA - Adaptaci\u00f3n infraestructura<\/h5>\t\t\t\t<\/div>\n\t\t\t\t<\/div>\n\t\t\t\t<\/a>\n\t\t<a class=\"elementor-element elementor-element-aa22286 e-con-full e-flex e-con e-child\" data-id=\"aa22286\" data-element_type=\"container\" data-e-type=\"container\" data-settings=\"{&quot;background_background&quot;:&quot;classic&quot;}\" href=\"https:\/\/itcoasprds-a77b12eedb9aa256-endpoint.azureedge.net\/blobitcoasprds4953213ea0\/wp-content\/uploads\/2024\/12\/19-11-2020-anla-Adaptacion-transversal.pdf\" target=\"_blank\">\n\t\t\t\t<div class=\"elementor-element elementor-element-c55acad elementor-widget elementor-widget-heading\" data-id=\"c55acad\" data-element_type=\"widget\" data-e-type=\"widget\" data-widget_type=\"heading.default\">\n\t\t\t\t<div class=\"elementor-widget-container\">\n\t\t\t\t\t<h5 class=\"elementor-heading-title elementor-size-default\">ANLA - Adaptaci\u00f3n transversal<\/h5>\t\t\t\t<\/div>\n\t\t\t\t<\/div>\n\t\t\t\t<\/a>\n\t\t\t\t<\/div>\n\t\t<div class=\"elementor-element elementor-element-8e8ebdb e-con-full e-flex e-con e-child\" data-id=\"8e8ebdb\" data-element_type=\"container\" data-e-type=\"container\">\n\t\t\t\t<div class=\"elementor-element elementor-element-f2b3d4b elementor-widget__width-inherit elementor-widget elementor-widget-heading\" data-id=\"f2b3d4b\" data-element_type=\"widget\" data-e-type=\"widget\" data-widget_type=\"heading.default\">\n\t\t\t\t<div class=\"elementor-widget-container\">\n\t\t\t\t\t<h2 class=\"elementor-heading-title elementor-size-default\">Mitigaci\u00f3n<\/h2>\t\t\t\t<\/div>\n\t\t\t\t<\/div>\n\t\t<a class=\"elementor-element elementor-element-a607bbb e-con-full e-flex e-con e-child\" data-id=\"a607bbb\" data-element_type=\"container\" data-e-type=\"container\" data-settings=\"{&quot;background_background&quot;:&quot;classic&quot;}\" href=\"https:\/\/itcoasprds-a77b12eedb9aa256-endpoint.azureedge.net\/blobitcoasprds4953213ea0\/wp-content\/uploads\/2024\/12\/03-12-2020-anla-Mitigacion-Energia.pdf\" target=\"_blank\">\n\t\t\t\t<div class=\"elementor-element elementor-element-391794d elementor-widget elementor-widget-heading\" data-id=\"391794d\" data-element_type=\"widget\" data-e-type=\"widget\" data-widget_type=\"heading.default\">\n\t\t\t\t<div class=\"elementor-widget-container\">\n\t\t\t\t\t<h5 class=\"elementor-heading-title elementor-size-default\">ANLA - Mitigaci\u00f3n energ\u00eda\n<\/h5>\t\t\t\t<\/div>\n\t\t\t\t<\/div>\n\t\t\t\t<\/a>\n\t\t<a class=\"elementor-element elementor-element-105a551 e-con-full e-flex e-con e-child\" data-id=\"105a551\" data-element_type=\"container\" data-e-type=\"container\" data-settings=\"{&quot;background_background&quot;:&quot;classic&quot;}\" href=\"https:\/\/itcoasprds-a77b12eedb9aa256-endpoint.azureedge.net\/blobitcoasprds4953213ea0\/wp-content\/uploads\/2024\/12\/19-11-2020-anla-mitigacion-transversal.pdf\" target=\"_blank\">\n\t\t\t\t<div class=\"elementor-element elementor-element-07a6a25 elementor-widget elementor-widget-heading\" data-id=\"07a6a25\" data-element_type=\"widget\" data-e-type=\"widget\" data-widget_type=\"heading.default\">\n\t\t\t\t<div class=\"elementor-widget-container\">\n\t\t\t\t\t<h5 class=\"elementor-heading-title elementor-size-default\">ANLA - Mitigaci\u00f3n transversal<\/h5>\t\t\t\t<\/div>\n\t\t\t\t<\/div>\n\t\t\t\t<\/a>\n\t\t<a class=\"elementor-element elementor-element-79c545d e-con-full e-flex e-con e-child\" data-id=\"79c545d\" data-element_type=\"container\" data-e-type=\"container\" data-settings=\"{&quot;background_background&quot;:&quot;classic&quot;}\" href=\"https:\/\/itcoasprds-a77b12eedb9aa256-endpoint.azureedge.net\/blobitcoasprds4953213ea0\/wp-content\/uploads\/2024\/12\/03-12-2020-anla-infraestructura-mitigacion.pdf\" target=\"_blank\">\n\t\t\t\t<div class=\"elementor-element elementor-element-3c0589a elementor-widget elementor-widget-heading\" data-id=\"3c0589a\" data-element_type=\"widget\" data-e-type=\"widget\" data-widget_type=\"heading.default\">\n\t\t\t\t<div class=\"elementor-widget-container\">\n\t\t\t\t\t<h5 class=\"elementor-heading-title elementor-size-default\">ANLA - Mitigaci\u00f3n infraestructura<\/h5>\t\t\t\t<\/div>\n\t\t\t\t<\/div>\n\t\t\t\t<\/a>\n\t\t\t\t<\/div>\n\t\t\t\t\t<\/div>\n\t\t\t\t<\/div>\n\t\t\t\t<\/div>\n\t\t","protected":false},"excerpt":{"rendered":"<p>Buenas pr\u00e1cticas Adaptaci\u00f3n ANLA &#8211; Adaptaci\u00f3n infraestructura ANLA &#8211; Adaptaci\u00f3n transversal Mitigaci\u00f3n ANLA &#8211; Mitigaci\u00f3n energ\u00eda ANLA &#8211; Mitigaci\u00f3n transversal ANLA &#8211; Mitigaci\u00f3n infraestructura<\/p>\n","protected":false},"author":44,"featured_media":0,"parent":37933,"menu_order":0,"comment_status":"closed","ping_status":"closed","template":"","meta":{"footnotes":""},"categories":[],"tags":[],"class_list":["post-37962","page","type-page","status-publish","hentry"],"yoast_head":"<!-- This site is optimized with the Yoast SEO plugin v26.5 - https:\/\/yoast.com\/wordpress\/plugins\/seo\/ -->\n<title>Buenas pr\u00e1cticas - ISA INTERCOLOMBIA<\/title>\n<meta name=\"robots\" content=\"index, follow, max-snippet:-1, max-image-preview:large, max-video-preview:-1\" \/>\n<link rel=\"canonical\" href=\"https:\/\/colombia.isaenergia.com\/isaintercolombia\/caja-de-herramientas-sostenibilidad\/buenas-practicas\/\" \/>\n<meta property=\"og:locale\" content=\"es_ES\" \/>\n<meta property=\"og:type\" content=\"article\" \/>\n<meta property=\"og:title\" content=\"Buenas pr\u00e1cticas - ISA INTERCOLOMBIA\" \/>\n<meta property=\"og:description\" content=\"Buenas pr\u00e1cticas Adaptaci\u00f3n ANLA &#8211; Adaptaci\u00f3n infraestructura ANLA &#8211; Adaptaci\u00f3n transversal Mitigaci\u00f3n ANLA &#8211; Mitigaci\u00f3n energ\u00eda ANLA &#8211; Mitigaci\u00f3n transversal ANLA &#8211; Mitigaci\u00f3n infraestructura\" \/>\n<meta property=\"og:url\" content=\"https:\/\/colombia.isaenergia.com\/isaintercolombia\/caja-de-herramientas-sostenibilidad\/buenas-practicas\/\" \/>\n<meta property=\"og:site_name\" content=\"ISA INTERCOLOMBIA\" \/>\n<meta property=\"article:modified_time\" content=\"2024-12-06T18:07:56+00:00\" \/>\n<meta name=\"twitter:card\" content=\"summary_large_image\" \/>\n<meta name=\"twitter:label1\" content=\"Est. reading time\" \/>\n\t<meta name=\"twitter:data1\" content=\"1 minute\" \/>\n<script type=\"application\/ld+json\" class=\"yoast-schema-graph\">{\"@context\":\"https:\/\/schema.org\",\"@graph\":[{\"@type\":\"WebPage\",\"@id\":\"https:\/\/colombia.isaenergia.com\/isaintercolombia\/caja-de-herramientas-sostenibilidad\/buenas-practicas\/\",\"url\":\"https:\/\/colombia.isaenergia.com\/isaintercolombia\/caja-de-herramientas-sostenibilidad\/buenas-practicas\/\",\"name\":\"Buenas pr\u00e1cticas - ISA INTERCOLOMBIA\",\"isPartOf\":{\"@id\":\"https:\/\/colombia.isaenergia.com\/isaintercolombia\/#website\"},\"datePublished\":\"2024-12-06T17:12:44+00:00\",\"dateModified\":\"2024-12-06T18:07:56+00:00\",\"breadcrumb\":{\"@id\":\"https:\/\/colombia.isaenergia.com\/isaintercolombia\/caja-de-herramientas-sostenibilidad\/buenas-practicas\/#breadcrumb\"},\"inLanguage\":\"es-ES\",\"potentialAction\":[{\"@type\":\"ReadAction\",\"target\":[\"https:\/\/colombia.isaenergia.com\/isaintercolombia\/caja-de-herramientas-sostenibilidad\/buenas-practicas\/\"]}]},{\"@type\":\"BreadcrumbList\",\"@id\":\"https:\/\/colombia.isaenergia.com\/isaintercolombia\/caja-de-herramientas-sostenibilidad\/buenas-practicas\/#breadcrumb\",\"itemListElement\":[{\"@type\":\"ListItem\",\"position\":1,\"name\":\"Home\",\"item\":\"https:\/\/colombia.isaenergia.com\/isaintercolombia\/\"},{\"@type\":\"ListItem\",\"position\":2,\"name\":\"Caja de herramientas &#8211; Sostenibilidad\",\"item\":\"https:\/\/colombia.isaenergia.com\/isaintercolombia\/caja-de-herramientas-sostenibilidad\/\"},{\"@type\":\"ListItem\",\"position\":3,\"name\":\"Buenas pr\u00e1cticas\"}]},{\"@type\":\"WebSite\",\"@id\":\"https:\/\/colombia.isaenergia.com\/isaintercolombia\/#website\",\"url\":\"https:\/\/colombia.isaenergia.com\/isaintercolombia\/\",\"name\":\"ISA INTERCOLOMBIA\",\"description\":\"ISA INTERCOLOMBIA\",\"publisher\":{\"@id\":\"https:\/\/colombia.isaenergia.com\/isaintercolombia\/#organization\"},\"potentialAction\":[{\"@type\":\"SearchAction\",\"target\":{\"@type\":\"EntryPoint\",\"urlTemplate\":\"https:\/\/colombia.isaenergia.com\/isaintercolombia\/?s={search_term_string}\"},\"query-input\":{\"@type\":\"PropertyValueSpecification\",\"valueRequired\":true,\"valueName\":\"search_term_string\"}}],\"inLanguage\":\"es-ES\"},{\"@type\":\"Organization\",\"@id\":\"https:\/\/colombia.isaenergia.com\/isaintercolombia\/#organization\",\"name\":\"ISA INTERCOLOMBIA\",\"url\":\"https:\/\/colombia.isaenergia.com\/isaintercolombia\/\",\"logo\":{\"@type\":\"ImageObject\",\"inLanguage\":\"es-ES\",\"@id\":\"https:\/\/colombia.isaenergia.com\/isaintercolombia\/#\/schema\/logo\/image\/\",\"url\":\"\/wp-content\/uploads\/sites\/3\/2022\/05\/cropped-Isa_InterColombia_logo.png\",\"contentUrl\":\"\/wp-content\/uploads\/sites\/3\/2022\/05\/cropped-Isa_InterColombia_logo.png\",\"width\":619,\"height\":286,\"caption\":\"ISA INTERCOLOMBIA\"},\"image\":{\"@id\":\"https:\/\/colombia.isaenergia.com\/isaintercolombia\/#\/schema\/logo\/image\/\"}}]}<\/script>\n<!-- \/ Yoast SEO plugin. -->","yoast_head_json":{"title":"Buenas pr\u00e1cticas - ISA INTERCOLOMBIA","robots":{"index":"index","follow":"follow","max-snippet":"max-snippet:-1","max-image-preview":"max-image-preview:large","max-video-preview":"max-video-preview:-1"},"canonical":"https:\/\/colombia.isaenergia.com\/isaintercolombia\/caja-de-herramientas-sostenibilidad\/buenas-practicas\/","og_locale":"es_ES","og_type":"article","og_title":"Buenas pr\u00e1cticas - ISA INTERCOLOMBIA","og_description":"Buenas pr\u00e1cticas Adaptaci\u00f3n ANLA &#8211; Adaptaci\u00f3n infraestructura ANLA &#8211; Adaptaci\u00f3n transversal Mitigaci\u00f3n ANLA &#8211; Mitigaci\u00f3n energ\u00eda ANLA &#8211; Mitigaci\u00f3n transversal ANLA &#8211; Mitigaci\u00f3n infraestructura","og_url":"https:\/\/colombia.isaenergia.com\/isaintercolombia\/caja-de-herramientas-sostenibilidad\/buenas-practicas\/","og_site_name":"ISA INTERCOLOMBIA","article_modified_time":"2024-12-06T18:07:56+00:00","twitter_card":"summary_large_image","twitter_misc":{"Est. reading time":"1 minute"},"schema":{"@context":"https:\/\/schema.org","@graph":[{"@type":"WebPage","@id":"https:\/\/colombia.isaenergia.com\/isaintercolombia\/caja-de-herramientas-sostenibilidad\/buenas-practicas\/","url":"https:\/\/colombia.isaenergia.com\/isaintercolombia\/caja-de-herramientas-sostenibilidad\/buenas-practicas\/","name":"Buenas pr\u00e1cticas - ISA INTERCOLOMBIA","isPartOf":{"@id":"https:\/\/colombia.isaenergia.com\/isaintercolombia\/#website"},"datePublished":"2024-12-06T17:12:44+00:00","dateModified":"2024-12-06T18:07:56+00:00","breadcrumb":{"@id":"https:\/\/colombia.isaenergia.com\/isaintercolombia\/caja-de-herramientas-sostenibilidad\/buenas-practicas\/#breadcrumb"},"inLanguage":"es-ES","potentialAction":[{"@type":"ReadAction","target":["https:\/\/colombia.isaenergia.com\/isaintercolombia\/caja-de-herramientas-sostenibilidad\/buenas-practicas\/"]}]},{"@type":"BreadcrumbList","@id":"https:\/\/colombia.isaenergia.com\/isaintercolombia\/caja-de-herramientas-sostenibilidad\/buenas-practicas\/#breadcrumb","itemListElement":[{"@type":"ListItem","position":1,"name":"Home","item":"https:\/\/colombia.isaenergia.com\/isaintercolombia\/"},{"@type":"ListItem","position":2,"name":"Caja de herramientas &#8211; Sostenibilidad","item":"https:\/\/colombia.isaenergia.com\/isaintercolombia\/caja-de-herramientas-sostenibilidad\/"},{"@type":"ListItem","position":3,"name":"Buenas pr\u00e1cticas"}]},{"@type":"WebSite","@id":"https:\/\/colombia.isaenergia.com\/isaintercolombia\/#website","url":"https:\/\/colombia.isaenergia.com\/isaintercolombia\/","name":"ISA INTERCOLOMBIA","description":"ISA INTERCOLOMBIA","publisher":{"@id":"https:\/\/colombia.isaenergia.com\/isaintercolombia\/#organization"},"potentialAction":[{"@type":"SearchAction","target":{"@type":"EntryPoint","urlTemplate":"https:\/\/colombia.isaenergia.com\/isaintercolombia\/?s={search_term_string}"},"query-input":{"@type":"PropertyValueSpecification","valueRequired":true,"valueName":"search_term_string"}}],"inLanguage":"es-ES"},{"@type":"Organization","@id":"https:\/\/colombia.isaenergia.com\/isaintercolombia\/#organization","name":"ISA INTERCOLOMBIA","url":"https:\/\/colombia.isaenergia.com\/isaintercolombia\/","logo":{"@type":"ImageObject","inLanguage":"es-ES","@id":"https:\/\/colombia.isaenergia.com\/isaintercolombia\/#\/schema\/logo\/image\/","url":"\/wp-content\/uploads\/sites\/3\/2022\/05\/cropped-Isa_InterColombia_logo.png","contentUrl":"\/wp-content\/uploads\/sites\/3\/2022\/05\/cropped-Isa_InterColombia_logo.png","width":619,"height":286,"caption":"ISA INTERCOLOMBIA"},"image":{"@id":"https:\/\/colombia.isaenergia.com\/isaintercolombia\/#\/schema\/logo\/image\/"}}]}},"publishpress_future_action":{"enabled":false,"date":"2026-05-15 09:37:52","action":"change-status","newStatus":"draft","terms":[],"taxonomy":"category","extraData":[]},"publishpress_future_workflow_manual_trigger":{"enabledWorkflows":[]},"_links":{"self":[{"href":"https:\/\/colombia.isaenergia.com\/isaintercolombia\/wp-json\/wp\/v2\/pages\/37962","targetHints":{"allow":["GET"]}}],"collection":[{"href":"https:\/\/colombia.isaenergia.com\/isaintercolombia\/wp-json\/wp\/v2\/pages"}],"about":[{"href":"https:\/\/colombia.isaenergia.com\/isaintercolombia\/wp-json\/wp\/v2\/types\/page"}],"author":[{"embeddable":true,"href":"https:\/\/colombia.isaenergia.com\/isaintercolombia\/wp-json\/wp\/v2\/users\/44"}],"replies":[{"embeddable":true,"href":"https:\/\/colombia.isaenergia.com\/isaintercolombia\/wp-json\/wp\/v2\/comments?post=37962"}],"version-history":[{"count":40,"href":"https:\/\/colombia.isaenergia.com\/isaintercolombia\/wp-json\/wp\/v2\/pages\/37962\/revisions"}],"predecessor-version":[{"id":38044,"href":"https:\/\/colombia.isaenergia.com\/isaintercolombia\/wp-json\/wp\/v2\/pages\/37962\/revisions\/38044"}],"up":[{"embeddable":true,"href":"https:\/\/colombia.isaenergia.com\/isaintercolombia\/wp-json\/wp\/v2\/pages\/37933"}],"wp:attachment":[{"href":"https:\/\/colombia.isaenergia.com\/isaintercolombia\/wp-json\/wp\/v2\/media?parent=37962"}],"wp:term":[{"taxonomy":"category","embeddable":true,"href":"https:\/\/colombia.isaenergia.com\/isaintercolombia\/wp-json\/wp\/v2\/categories?post=37962"},{"taxonomy":"post_tag","embeddable":true,"href":"https:\/\/colombia.isaenergia.com\/isaintercolombia\/wp-json\/wp\/v2\/tags?post=37962"}],"curies":[{"name":"wp","href":"https:\/\/api.w.org\/{rel}","templated":true}]}}